{"id":7026,"date":"2024-09-12T06:18:37","date_gmt":"2024-09-12T06:18:37","guid":{"rendered":"https:\/\/fit4dev.yechte.in\/?page_id=7026"},"modified":"2024-11-07T17:46:47","modified_gmt":"2024-11-07T12:16:47","slug":"around-the-world","status":"publish","type":"page","link":"https:\/\/fit4dev.eu\/fr\/around-the-world\/","title":{"rendered":"International"},"content":{"rendered":"<div data-elementor-type=\"wp-page\" data-elementor-id=\"7026\" class=\"elementor elementor-7026\" data-elementor-post-type=\"page\">\n\t\t\t\t<div class=\"elementor-element elementor-element-ba30ecd elementor-hidden-mobile e-flex e-con-boxed wpr-particle-no wpr-jarallax-no wpr-parallax-no wpr-sticky-section-no e-con e-parent\" data-id=\"ba30ecd\" data-element_type=\"container\">\n\t\t\t\t\t<div class=\"e-con-inner\">\n\t\t<div class=\"elementor-element elementor-element-762b02f e-con-full e-flex wpr-particle-no wpr-jarallax-no wpr-parallax-no wpr-sticky-section-no e-con e-child\" data-id=\"762b02f\" data-element_type=\"container\" data-settings=\"{&quot;background_background&quot;:&quot;classic&quot;}\">\n\t\t\t\t<div class=\"elementor-element elementor-element-eb43f64 elementor-widget elementor-widget-heading\" data-id=\"eb43f64\" data-element_type=\"widget\" data-widget_type=\"heading.default\">\n\t\t\t\t<div class=\"elementor-widget-container\">\n\t\t\t<style>\/*! elementor - v3.23.0 - 05-08-2024 *\/\n.elementor-heading-title{padding:0;margin:0;line-height:1}.elementor-widget-heading .elementor-heading-title[class*=elementor-size-]>a{color:inherit;font-size:inherit;line-height:inherit}.elementor-widget-heading .elementor-heading-title.elementor-size-small{font-size:15px}.elementor-widget-heading .elementor-heading-title.elementor-size-medium{font-size:19px}.elementor-widget-heading .elementor-heading-title.elementor-size-large{font-size:29px}.elementor-widget-heading .elementor-heading-title.elementor-size-xl{font-size:39px}.elementor-widget-heading .elementor-heading-title.elementor-size-xxl{font-size:59px}<\/style><h1 class=\"elementor-heading-title elementor-size-default\">International<\/h1>\t\t<\/div>\n\t\t\t\t<\/div>\n\t\t\t\t<\/div>\n\t\t<div class=\"elementor-element elementor-element-2a32c76 e-con-full e-flex wpr-particle-no wpr-jarallax-no wpr-parallax-no wpr-sticky-section-no e-con e-child\" data-id=\"2a32c76\" data-element_type=\"container\" data-settings=\"{&quot;background_background&quot;:&quot;classic&quot;}\">\n\t\t\t\t<\/div>\n\t\t\t\t\t<\/div>\n\t\t\t\t<\/div>\n\t\t\t\t<section class=\"elementor-section elementor-top-section elementor-element elementor-element-3ca0947 elementor-section-boxed elementor-section-height-default elementor-section-height-default wpr-particle-no wpr-jarallax-no wpr-parallax-no wpr-sticky-section-no\" data-id=\"3ca0947\" data-element_type=\"section\">\n\t\t\t\t\t\t<div class=\"elementor-container elementor-column-gap-default\">\n\t\t\t\t\t<div class=\"elementor-column elementor-col-100 elementor-top-column elementor-element elementor-element-cfeeb38\" data-id=\"cfeeb38\" data-element_type=\"column\" data-settings=\"{&quot;background_background&quot;:&quot;classic&quot;}\">\n\t\t\t<div class=\"elementor-widget-wrap elementor-element-populated\">\n\t\t\t\t\t\t<div class=\"elementor-element elementor-element-7e48531 elementor-widget elementor-widget-heading\" data-id=\"7e48531\" data-element_type=\"widget\" data-widget_type=\"heading.default\">\n\t\t\t\t<div class=\"elementor-widget-container\">\n\t\t\t<h2 class=\"elementor-heading-title elementor-size-default\">Nous vous accompagnons dans le monde entier\n\n\n<\/h2>\t\t<\/div>\n\t\t\t\t<\/div>\n\t\t\t\t<div class=\"elementor-element elementor-element-9d43745 elementor-widget__width-initial elementor-widget elementor-widget-text-editor\" data-id=\"9d43745\" data-element_type=\"widget\" data-widget_type=\"text-editor.default\">\n\t\t\t\t<div class=\"elementor-widget-container\">\n\t\t\t<style>\/*! elementor - v3.23.0 - 05-08-2024 *\/\n.elementor-widget-text-editor.elementor-drop-cap-view-stacked .elementor-drop-cap{background-color:#69727d;color:#fff}.elementor-widget-text-editor.elementor-drop-cap-view-framed .elementor-drop-cap{color:#69727d;border:3px solid;background-color:transparent}.elementor-widget-text-editor:not(.elementor-drop-cap-view-default) .elementor-drop-cap{margin-top:8px}.elementor-widget-text-editor:not(.elementor-drop-cap-view-default) .elementor-drop-cap-letter{width:1em;height:1em}.elementor-widget-text-editor .elementor-drop-cap{float:left;text-align:center;line-height:1;font-size:50px}.elementor-widget-text-editor .elementor-drop-cap-letter{display:inline-block}<\/style>\t\t\t\tQuel que soit l'endroit o\u00f9 vous op\u00e9rez, nous pouvons vous aider, directement ou avec nos partenaires. Voyez les endroits o\u00f9 nous sommes all\u00e9s et o\u00f9 nous avons des relations dont vous pourriez b\u00e9n\u00e9ficier.\t\t\t\t\t\t<\/div>\n\t\t\t\t<\/div>\n\t\t\t\t\t<\/div>\n\t\t<\/div>\n\t\t\t\t\t<\/div>\n\t\t<\/section>\n\t\t<div class=\"elementor-element elementor-element-3a5c785 e-con-full e-flex wpr-particle-no wpr-jarallax-no wpr-parallax-no wpr-sticky-section-no e-con e-parent\" data-id=\"3a5c785\" data-element_type=\"container\">\n\t\t\t\t<div class=\"elementor-element elementor-element-3ebb2b5 elementor-widget elementor-widget-synckpagescontactmapstyle2\" data-id=\"3ebb2b5\" data-element_type=\"widget\" data-widget_type=\"synckpagescontactmapstyle2.default\">\n\t\t\t\t<div class=\"elementor-widget-container\">\n\t\t\t\n\n<!-- Contact -->\n<section class=\"contact-area2\">\n<div class=\"custom-container\">\n<div class=\"contact-inner\">\n<div class=\"contact-map-wrap\">\n    <h5>Connect Us<\/h5>\n\n    <div id=\"map\">\n      <div class=\"map-location-item\" style=\"left: 30%;     top: 77%;\">\n            <div class=\"map-location-item-inner\">\n                <img decoding=\"async\" src=\"\" \/>\n                <div class=\"content\">\n                    <h4>Chile<\/h4>\n                    <p>Completed Projects\n<li>E-commerce<\/li>\n<li>Portfolio<\/li><\/p>\n                <\/div>\n            <\/div>\n            <span class=\"circle\"><\/span>\n        <\/div>\n              <div class=\"map-location-item\" style=\"left: 50%;     top: 36%;\">\n            <div class=\"map-location-item-inner\">\n                <img decoding=\"async\" src=\"\" \/>\n                <div class=\"content\">\n                    <h4>France<\/h4>\n                    <p>720\/5, Starc Street,\nNorth View, New York<\/p>\n                <\/div>\n            <\/div>\n            <span class=\"circle\"><\/span>\n        <\/div>\n              <div class=\"map-location-item\" style=\"left: auto;     right: 28%;     top: 48%;\">\n            <div class=\"map-location-item-inner\">\n                <img decoding=\"async\" src=\"\" \/>\n                <div class=\"content\">\n                    <h4>India<\/h4>\n                    <p>720\/5, Starc Street,\nNorth View, New York<\/p>\n                <\/div>\n            <\/div>\n            <span class=\"circle\"><\/span>\n        <\/div>\n              <div class=\"map-location-item\" style=\"left: auto;     right: 27.3%;     top: 57.2%;\">\n            <div class=\"map-location-item-inner\">\n                <img decoding=\"async\" src=\"\" \/>\n                <div class=\"content\">\n                    <h4>Sri Lanka<\/h4>\n                    <p>720\/5, Starc Street,\nNorth View, New York<\/p>\n                <\/div>\n            <\/div>\n            <span class=\"circle\"><\/span>\n        <\/div>\n              <div class=\"map-location-item\" style=\"left: 56%;     top: auto;     bottom: 38%;\">\n            <div class=\"map-location-item-inner\">\n                <img decoding=\"async\" src=\"\" \/>\n                <div class=\"content\">\n                    <h4>RDC (Congo)<\/h4>\n                    <p>720\/5, Starc Street,\nNorth View, New York<\/p>\n                <\/div>\n            <\/div>\n            <span class=\"circle\"><\/span>\n        <\/div>\n              <div class=\"map-location-item\" style=\"left: 58.5%;     top: auto;     bottom: 42%;\">\n            <div class=\"map-location-item-inner\">\n                <img decoding=\"async\" src=\"\" \/>\n                <div class=\"content\">\n                    <h4>South Sudan<\/h4>\n                    <p>720\/5, Starc Street,\nNorth View, New York<\/p>\n                <\/div>\n            <\/div>\n            <span class=\"circle\"><\/span>\n        <\/div>\n              <div class=\"map-location-item\" style=\"left: 55%;     top: auto;     bottom: 47%;\">\n            <div class=\"map-location-item-inner\">\n                <img decoding=\"async\" src=\"\" \/>\n                <div class=\"content\">\n                    <h4>Chad<\/h4>\n                    <p>720\/5, Starc Street,\nNorth View, New York<\/p>\n                <\/div>\n            <\/div>\n            <span class=\"circle\"><\/span>\n        <\/div>\n              <div class=\"map-location-item\" style=\"left: 59.5%;     top: auto;     bottom: 35%;\">\n            <div class=\"map-location-item-inner\">\n                <img decoding=\"async\" src=\"\" \/>\n                <div class=\"content\">\n                    <h4>Tanzania<\/h4>\n                    <p>720\/5, Starc Street,\nNorth View, New York<\/p>\n                <\/div>\n            <\/div>\n            <span class=\"circle\"><\/span>\n        <\/div>\n              <div class=\"map-location-item\" style=\"left: 49.3%;     top: auto;     bottom: 44.4%;\">\n            <div class=\"map-location-item-inner\">\n                <img decoding=\"async\" src=\"\" \/>\n                <div class=\"content\">\n                    <h4>Burkina Faso<\/h4>\n                    <p>720\/5, Starc Street,\nNorth View, New York<\/p>\n                <\/div>\n            <\/div>\n            <span class=\"circle\"><\/span>\n        <\/div>\n              <div class=\"map-location-item\" style=\"left: 45.3%;     top: auto;     bottom: 45.2%;\">\n            <div class=\"map-location-item-inner\">\n                <img decoding=\"async\" src=\"\" \/>\n                <div class=\"content\">\n                    <h4>Senegal<\/h4>\n                    <p>720\/5, Starc Street,\nNorth View, New York<\/p>\n                <\/div>\n            <\/div>\n            <span class=\"circle\"><\/span>\n        <\/div>\n              <div class=\"map-location-item\" style=\"left: 59.5%;     top: auto;     bottom: 66%;\">\n            <div class=\"map-location-item-inner\">\n                <img decoding=\"async\" src=\"\" \/>\n                <div class=\"content\">\n                    <h4>Ukraine<\/h4>\n                    <p>720\/5, Starc Street,\nNorth View, New York<\/p>\n                <\/div>\n            <\/div>\n            <span class=\"circle\"><\/span>\n        <\/div>\n              <div class=\"map-location-item\" style=\"left: 56.2%;     top: auto;     bottom: 70%;\">\n            <div class=\"map-location-item-inner\">\n                <img decoding=\"async\" src=\"\" \/>\n                <div class=\"content\">\n                    <h4>Lituania<\/h4>\n                    <p>720\/5, Starc Street,\nNorth View, New York<\/p>\n                <\/div>\n            <\/div>\n            <span class=\"circle\"><\/span>\n        <\/div>\n              <div class=\"map-location-item\" style=\"left: 50.5%;     top: auto;     bottom: 67%;\">\n            <div class=\"map-location-item-inner\">\n                <img decoding=\"async\" src=\"\" \/>\n                <div class=\"content\">\n                    <h4>Belgium<\/h4>\n                    <p>720\/5, Starc Street,\nNorth View, New York<\/p>\n                <\/div>\n            <\/div>\n            <span class=\"circle\"><\/span>\n        <\/div>\n              <div class=\"map-location-item\" style=\"left: 52.1%;     top: auto;     bottom: 64%;\">\n            <div class=\"map-location-item-inner\">\n                <img decoding=\"async\" src=\"\" \/>\n                <div class=\"content\">\n                    <h4>Switzerland<\/h4>\n                    <p>720\/5, Starc Street,\nNorth View, New York<\/p>\n                <\/div>\n            <\/div>\n            <span class=\"circle\"><\/span>\n        <\/div>\n              <div class=\"map-location-item\" style=\"left: 17.5%;     top: auto;     bottom: 69%;\">\n            <div class=\"map-location-item-inner\">\n                <img decoding=\"async\" src=\"\" \/>\n                <div class=\"content\">\n                    <h4>Canada<\/h4>\n                    <p>720\/5, Starc Street,\nNorth View, New York<\/p>\n                <\/div>\n            <\/div>\n            <span class=\"circle\"><\/span>\n        <\/div>\n              <div class=\"map-location-item\" style=\"left: 21%;     top: 47%;\">\n            <div class=\"map-location-item-inner\">\n                <img decoding=\"async\" src=\"\" \/>\n                <div class=\"content\">\n                    <h4>Mexico<\/h4>\n                    <p>720\/5, Starc Street,\nNorth View, New York<\/p>\n                <\/div>\n            <\/div>\n            <span class=\"circle\"><\/span>\n        <\/div>\n              <div class=\"map-location-item\" style=\"left: 53.4%;     top: auto;     bottom: 75.6%;\">\n            <div class=\"map-location-item-inner\">\n                <img decoding=\"async\" src=\"\" \/>\n                <div class=\"content\">\n                    <h4>Sweden<\/h4>\n                    <p>720\/5, Starc Street,\nNorth View, New York<\/p>\n                <\/div>\n            <\/div>\n            <span class=\"circle\"><\/span>\n        <\/div>\n              <div class=\"map-location-item\" style=\"left: 21%;     top: 38%;\">\n            <div class=\"map-location-item-inner\">\n                <img decoding=\"async\" src=\"\" \/>\n                <div class=\"content\">\n                    <h4>United States (New-York)<\/h4>\n                    <p>720\/5, Starc Street,\nNorth View, New York<\/p>\n                <\/div>\n            <\/div>\n            <span class=\"circle\"><\/span>\n        <\/div>\n                <img decoding=\"async\" src=\"https:\/\/fit4dev.eu\/wp-content\/uploads\/2024\/09\/MapChart_Map-4.png\"\/>\n    <\/div>\n<\/div>\n<div class=\"contact-inner-info-box d-flex align-items-center\">\n\n    <div class=\"contact-info-box simple-shadow\">\n        <div class=\"icon\"><i class=\"las la-headset\"><\/i><\/div>\n        <h5>Support<\/h5>\n        <p>Contact our fast support team<\/p>\n        <h7><a         href=\"mailto:bluebsupport@mail.com\">bluebsupport@mail.com<\/a><\/h7>\n    <\/div>\n    \n<\/div>\n<\/div>\n<\/div>\n<\/section>\n\n    \t\t<\/div>\n\t\t\t\t<\/div>\n\t\t\t\t<\/div>\n\t\t<div class=\"elementor-element elementor-element-8a67edc e-con-full elementor-hidden-desktop elementor-hidden-tablet elementor-hidden-mobile e-flex wpr-particle-no wpr-jarallax-no wpr-parallax-no wpr-sticky-section-no e-con e-parent\" data-id=\"8a67edc\" data-element_type=\"container\">\n\t\t\t\t<div class=\"elementor-element elementor-element-7eb065a elementor-widget elementor-widget-synckpagescontactlocation\" data-id=\"7eb065a\" data-element_type=\"widget\" data-widget_type=\"synckpagescontactlocation.default\">\n\t\t\t\t<div class=\"elementor-widget-container\">\n\t\t\t\n\n<!-- Location -->\n<section class=\"contact-location-area\">\n<img decoding=\"async\" class=\"animation-slide-left bg-shape\" src=\"\" \/>\n<div class=\"custom-container\">\n<div class=\"custom-row justify-content-between align-items-center\">\n    <div class=\"contact-location-left-content\">\n        <div class=\"contact-location-left-body\">\n            <h6 class=\"section-subtitle\">Locations<\/h6>\n<h2 class=\"section-title\">Visit our store all\naround the\nworld<\/h2>            <p>Our location is strategically situated at the heart of City, making it an ideal destination for businesses and visitors alike.<\/p>\n        <\/div>\n    <\/div>\n\n    <div class=\"right\">\n        <div class=\"contact-locations-list\">\n                        <div class=\"contact-location-box\">\n                                <div class=\"number\">\n                   #1                <\/div>\n                                <div class=\"content\">\n                    <h4>New York, USA<\/h4>\n                    <p>720\/5, Starc Street,\nNorth View, New York<\/p>\n                <\/div>\n            <\/div>\n                        <div class=\"contact-location-box\">\n                                <div class=\"number\">\n                   #2                <\/div>\n                                <div class=\"content\">\n                    <h4>Edinburgh, UK<\/h4>\n                    <p>5\/3, Hilton Clinch, NS\nBay Low, Aberdeen<\/p>\n                <\/div>\n            <\/div>\n                        <div class=\"contact-location-box\">\n                                <div class=\"number\">\n                   #3                <\/div>\n                                <div class=\"content\">\n                    <h4>Cape Town, SA<\/h4>\n                    <p>Marco Street, Seventh\nRoad, Cape Town<\/p>\n                <\/div>\n            <\/div>\n                        <div class=\"contact-location-box\">\n                                <div class=\"number\">\n                   #4                <\/div>\n                                <div class=\"content\">\n                    <h4>Madras, IND<\/h4>\n                    <p>3\/5, Geils Street\nMannady, Madras<\/p>\n                <\/div>\n            <\/div>\n                        <div class=\"contact-location-box\">\n                                <div class=\"number\">\n                   #5                <\/div>\n                                <div class=\"content\">\n                    <h4>Tokyo, JAP<\/h4>\n                    <p>77, Xiong Street, Main\nTown, Tokyo, Japan<\/p>\n                <\/div>\n            <\/div>\n                        <div class=\"contact-location-box\">\n                                <div class=\"number\">\n                   #6                <\/div>\n                                <div class=\"content\">\n                    <h4>Canberra, AUS<\/h4>\n                    <p>458, Highland Street,\nSydney, Australia<\/p>\n                <\/div>\n            <\/div>\n            \n        <\/div>\n    <\/div>\n<\/div>\n<\/div>\n<\/section>\n\n    \t\t<\/div>\n\t\t\t\t<\/div>\n\t\t\t\t<\/div>\n\t\t\t\t<\/div>","protected":false},"excerpt":{"rendered":"<p>Around The World We support you all around the world No matter where you operate, we can support you, directly or with our partners. See the locations we have been to and have connections you may benefit from. Connect Us Chile Completed Projects E-commerce Portfolio France 720\/5, Starc Street, North View, New York India 720\/5, Starc Street, North View, New York Sri Lanka 720\/5, Starc Street, North View, New York RDC (Congo) 720\/5, Starc Street, North View, New York South Sudan 720\/5, Starc Street, North View, New York Chad 720\/5, Starc Street, North View, New York Tanzania 720\/5, Starc Street, North View, New York Burkina Faso 720\/5, Starc Street, North View, New York Senegal 720\/5, Starc Street, North View, New York Ukraine 720\/5, Starc Street, North View, New York Lituania 720\/5, Starc Street, North View, New York Belgium 720\/5, Starc Street, North View, New York Switzerland 720\/5, Starc Street, North View, New York Canada 720\/5, Starc Street, North View, New York Mexico 720\/5, Starc Street, North View, New York Sweden 720\/5, Starc Street, North View, New York United States (New-York) 720\/5, Starc Street, North View, New York Support Contact our fast support team bluebsupport@mail.com Locations Visit our store all around the world Our location is strategically situated at the heart of City, making it an ideal destination for businesses and visitors alike. #1 New York, USA 720\/5, Starc Street, North View, New York #2 Edinburgh, UK 5\/3, Hilton Clinch, NS Bay Low, Aberdeen #3 Cape Town, SA Marco Street, Seventh Road, Cape Town #4 Madras, IND 3\/5, Geils Street Mannady, Madras #5 Tokyo, JAP 77, Xiong Street, Main Town, Tokyo, Japan #6 Canberra, AUS 458, Highland Street, Sydney, Australia<\/p>","protected":false},"author":1,"featured_media":0,"parent":0,"menu_order":0,"comment_status":"closed","ping_status":"closed","template":"page-templates\/contact.php","meta":{"_acf_changed":false,"footnotes":""},"class_list":["post-7026","page","type-page","status-publish","hentry"],"acf":[],"aioseo_notices":[],"_links":{"self":[{"href":"https:\/\/fit4dev.eu\/fr\/wp-json\/wp\/v2\/pages\/7026","targetHints":{"allow":["GET"]}}],"collection":[{"href":"https:\/\/fit4dev.eu\/fr\/wp-json\/wp\/v2\/pages"}],"about":[{"href":"https:\/\/fit4dev.eu\/fr\/wp-json\/wp\/v2\/types\/page"}],"author":[{"embeddable":true,"href":"https:\/\/fit4dev.eu\/fr\/wp-json\/wp\/v2\/users\/1"}],"replies":[{"embeddable":true,"href":"https:\/\/fit4dev.eu\/fr\/wp-json\/wp\/v2\/comments?post=7026"}],"version-history":[{"count":31,"href":"https:\/\/fit4dev.eu\/fr\/wp-json\/wp\/v2\/pages\/7026\/revisions"}],"predecessor-version":[{"id":8148,"href":"https:\/\/fit4dev.eu\/fr\/wp-json\/wp\/v2\/pages\/7026\/revisions\/8148"}],"wp:attachment":[{"href":"https:\/\/fit4dev.eu\/fr\/wp-json\/wp\/v2\/media?parent=7026"}],"curies":[{"name":"wp","href":"https:\/\/api.w.org\/{rel}","templated":true}]}}